{"id":548,"date":"2021-11-22T08:47:19","date_gmt":"2021-11-22T08:47:19","guid":{"rendered":"http:\/\/localhost\/DELE1\/?page_id=405"},"modified":"2025-11-28T13:43:12","modified_gmt":"2025-11-28T12:43:12","slug":"serveis","status":"publish","type":"page","link":"https:\/\/delegacio.eseiaat.upc.edu\/?page_id=548","title":{"rendered":"Serveis"},"content":{"rendered":"\n<p><\/p>\n\n\n\n<p>La delegaci\u00f3 d&#8217;Estudiants posa a disposici\u00f3 dels alumnes de l&#8217;ESEIAAT els seg\u00fcents serveis:<\/p>\n\n\n\n<p><\/p>\n\n\n<div class=\"wp-block-image\">\n<figure class=\"alignright is-resized\"><img decoding=\"async\" src=\"http:\/\/delegacio.eseiaat.upc.edu\/wp-content\/uploads\/2021\/12\/taquillas.png\" alt=\"\" style=\"aspect-ratio:1;object-fit:cover;width:222px;height:auto\"\/><\/figure>\n<\/div>\n\n\n<h4 class=\"wp-block-heading\">Servei de guixetes:<\/h4>\n\n\n\n<p>La Delegaci\u00f3 d&#8217;Estudiants posa a disposici\u00f3 dels alumnes de l&#8217;ESEIAAT un <strong>servei de lloguer de guixetes personals<\/strong>. Per tal de consultar preus i condicions, veniu a la delegaci\u00f3.<\/p>\n\n\n\n<p><br><br><br><\/p>\n\n\n\n<p><\/p>\n\n\n\n<p><\/p>\n\n\n<div class=\"wp-block-image\">\n<figure class=\"alignleft is-resized\"><img decoding=\"async\" src=\"http:\/\/delegacio.eseiaat.upc.edu\/wp-content\/uploads\/2021\/12\/105749.png\" alt=\"\" style=\"object-fit:cover;width:200px;height:200px\"\/><\/figure>\n<\/div>\n\n\n<h4 class=\"wp-block-heading\">Pr\u00e9stec de cartes i jocs<\/h4>\n\n\n\n<p>Tens un mal horari amb massa hores buides? Acabes de dinar i l&#8217;est\u00f3mac ple t&#8217;impedeix aixecar-te per anar a estudiar a la biblioteca? Ets a la polivalent i ning\u00fa dels presents t\u00e9 la intenci\u00f3 de fer res de profit? Deixa&#8217;t anar i pren-te un descans! A la&nbsp;<strong>Delegaci\u00f3&nbsp;d&#8217;Estudiants<\/strong>&nbsp;prestem baralles de cartes espanyoles i de p\u00f2quer, aix\u00ed com trencaclosques de fusta!<\/p>\n\n\n\n<p><br><br><\/p>\n\n\n\n<p><\/p>\n\n\n<div class=\"wp-block-image\">\n<figure class=\"alignright is-resized\"><img decoding=\"async\" src=\"http:\/\/delegacio.eseiaat.upc.edu\/wp-content\/uploads\/2021\/12\/cubiertos.png\" alt=\"\" style=\"aspect-ratio:1;width:225px;height:auto\"\/><\/figure>\n<\/div>\n\n\n<h4 class=\"wp-block-heading\">Servei de coberts<\/h4>\n\n\n\n<p>Has fet una cua enorme per a poder escalfar el teu dinar i quan resulta que ja tens un microones disponible veus que t&#8217;has descuidat els coberts? Quan deixis de donar-te cops al cap contra la paret pots venir a la&nbsp;<strong>Delegaci\u00f3&nbsp;d&#8217;Estudiants<\/strong>&nbsp;i te&#8217;n donarem uns de pl\u00e0stic.<\/p>\n\n\n\n<p><br><br><\/p>\n\n\n\n<p><br><\/p>\n\n\n<div class=\"wp-block-image\">\n<figure class=\"alignleft is-resized\"><img decoding=\"async\" src=\"http:\/\/delegacio.eseiaat.upc.edu\/wp-content\/uploads\/2021\/12\/bata.png\" alt=\"\" style=\"aspect-ratio:1;width:216px;height:auto\"\/><\/figure>\n<\/div>\n\n\n<h4 class=\"wp-block-heading\">Servei de pr\u00e9stec de material de laboratori<\/h4>\n\n\n\n<p>Pel que es veu t&#8217;has llevat i has marxat directament a l&#8217;ESEIAAT. No en tenies prou amb deixar-te els coberts que tamb\u00e9 t&#8217;has deixat la bata i les ulleres del laboratori. Saps perfectament que aquesta vegada s\u00ed que ser\u00e0 veritat i no et deixaran entrar. Tranquil que aqu\u00ed hi tornem a ser nosaltres per salvar-te la vida. Et deixarem una&nbsp;<strong>bata<\/strong>&nbsp;i unes&nbsp;<strong>ulleres<\/strong> (si n&#8217;hi ha) perqu\u00e8 no treguis el primer zero del curs!<br><br><br><br><\/p>\n\n\n<div class=\"wp-block-image\">\n<figure class=\"alignright is-resized\"><img decoding=\"async\" src=\"http:\/\/delegacio.eseiaat.upc.edu\/wp-content\/uploads\/2021\/12\/calculadora-1.png\" alt=\"\" style=\"aspect-ratio:1;width:194px;height:auto\"\/><\/figure>\n<\/div>\n\n\n<h4 class=\"wp-block-heading\">Servei de pr\u00e9stec de calculadores<\/h4>\n\n\n\n<p>El mateix d&#8217;abans per\u00f2 ara amb\u00a0<strong>calculadores<\/strong>! S\u00f3n les Casio de tota la vida&#8230; Qu\u00e8 esper\u00e0veu?<br><br><br><\/p>\n\n\n\n<p><\/p>\n\n\n\n<p><\/p>\n\n\n\n<h4 class=\"wp-block-heading\">Servei d&#8217;assessoria acad\u00e8mica<\/h4>\n\n\n<div class=\"wp-block-image\">\n<figure class=\"alignright size-large\"><img decoding=\"async\" src=\"data:image\/png;base64,iVBORw0KGgoAAAANSUhEUgAAASIAAACuCAMAAAClZfCTAAAAjVBMVEX\/\/\/8AAADs7Ozb29vh4eH8\/Pz19fX5+fny8vLk5OT39\/fo6Ojv7+\/GxsbBwcE9PT3W1tahoaF2dnapqam0tLR8fHxWVlaXl5cwMDDMzMxiYmI4ODi6urqQkJCCgoJNTU0lJSVycnJGRkZdXV1qamopKSmKioqcnJwNDQ0YGBgyMjIcHBylpaU6OjoTExO+\/HCrAAATaElEQVR4nO1dCXeqOhBmWARklVWQfVes\/\/\/nvQSt2tYFJKjnXb9z3rttRQiTyWT2UNQHH3zwwQcffPDBBx988MH\/Btz+H16WZ6ffPvgBjuKDNAGMQqU+VLoA1gbIa0VnvEUO6+DVw3k\/SClk1uz7N9GGmHnlcN4QC9DUH3\/QHajkFw3mHSHGsJ3\/\/mPQNuYrBvOWUGHFXhDPfAiZ94rxvB9ciK58IjpgzK589k8As81MVwy4sZ7UBMx\/ePfnKDYF2CU393fOhZXyrBG9H1S0z9PzP3L6F0QDfPYp43k\/0JDyvS7UMzD+TSK563sMdIS6gVSfcixviqU74GJVgyRyrckG85ZgYJiJwYZOeWvz+x8i0oZ\/Jx7CeLfAS7pqmaalsP3E4WvQ1IO\/MgMCDgBOUqu4BViXm80SoDXeVoOXYLj8NWG0ZcvUGUBcBTot8BzHC4wZQyGMves0sGCw1sxDNe6ZMzNDQt\/7RRGv3Unj7jsRDGfgFzgqghEGG0fNKgD7EuvOys0bSiSOWoZDv6PCKEtEhWvmHifv0jF3nghzUO9f9AP6uGVGw+q6P9wbPJonQARxwNXo1RTwRz2Q3iU39oco6a3pPw36MLniGX0NuutP\/ALHpK98KL2hUhrAkKstyILRbiNOya8rGtHX2NsThzmIRFFC5KH29V2UGbTwnwKzGXK1AiQ0lzlcN4P53duttAFcxKElBgsCz7zJKblB4AlEMWShSRUVPmDz\/oG6u7FFGG+nGikDSFQBwwABt6O5vPFh8XYk0qG\/7ZiBzpOw8W+RiEuGOx4mhtSfLeQWXRsPtlf+wlxeVRw47v0SLQawRQBIzTTy8c8M9rIoCL1zDVJQoiLiqfb9nL5ab4vLACS3wnj8I\/cCTYcSAL58o6q3iyrdAGg+0q3b7fgHEEbU7505SmxKdGmdjX8kt8a6T55Tsm7VkR8vy2WW1gpiqcKnvgisZMIIoJ\/hOHec1CBDos5dTp+5VI6iydxQ8bXEgtdB6Of9MZfAbNDkuwQWGsUi9breXZDZakI5Iz2aU0Cz71yAtGpdg4iWsfFZDXVSXrxjuptrl7hFbbn8\/biIWuzuejdMAJumPKxCpeO8RR10JKYTuBTwCJI3VB2RunNvpXFRlz6rblfoF4fAJOearhsXowrBkvLfzkZDiO+sNEShlScVsMKDJxFkTLBMKy994kEG2TV32wuxKG+sNI5aQNyFtB3swuBKAprdV40l9iqyFIb+uZ3ylqYlBJRT0rhtmqqwjbtNRgeGeyAacAFRhvf8LMYiSYuN0PRojue7hSeBZw1y8j0Hs1uvzUDFHvIiJLS1PRK7vXBPhdoCx8lepQFkTgJtWy6Xq7wy\/ZSySagVhMGtbjj6NA1tM6eFqAMJSWG3R0OGzX3EUY6LWKqtHMg5+oZL8mXgV9fNIhvp3taZrApaEkEcee0HB9akSxtxFP5bCFgI8fEtZ9KrIF1faAr+yDvjHCJeR8Q7u6iAwlLUEBKRcvdGDQM1xRVEvOOkUayv5XnMNliPE85iWyQUO9kzwy+wFb9s1qtaOEwEgm9wPtIoJZ1hRPldQo54F7EhoJgo+8r80NJ\/Dqze80+1Fr4tTW2sT3Bu5QAbx3YDtKiEg8czAi0M1C3UTuPxfqeoQqsZJvMGqd5oCCkSj3zZmGadOmhkzoKhvk1vAfYEEUqH2\/9lpF+Wo4ISUoXGNwvOt0a9ihsoK02T0IwpNC0xXuD6ayjdN9AjF4jJOaqCZajPkPBUDYAmOuhJ4XekQoeDC0Qc6d0PkTW8\/ymAX+oD0ozizYyaNWdhKNEFcF9dM8giOcMhrU1yvwDK1BIRmRZL0LCNSZ9kkAV7NlLHZBZhCn0zIQuLQvv57nOt5LDFqP9IHFmMzLIYj6o9\/igobt4gTS5SZT2FiKeK1XGo2\/Xh8lEbWvBNIY7PMrSRohV++lDISiyZhN8eAP1q8c5zwJc\/o6tzNgjjHRKeEfiLs8FuD0ZnPMbfJUH1zR81SGh1l2ebgxCX3W7PN781R\/O1agD7S7Z0bzDTF9h8gjMHwPbAbKOkdX7MvRIxA\/EynNzUcrY5EGL123c9e23YKGjwRM5olv2lGjF2ke1OKeuHFBtmzIQGpxT4CKKs3cXhkUZMqX0P4K\/vWnupw9\/2Bcsu94qI73o\/ZfFZFhCzzyKuW+ph8MvTu1dLJwqUvLRghZOxuC04POsalYfVij8m2kv9kPQGkSZ3FUYUdTNFpPqqzjN9\/SONuoFz1HKE5Fz8ydXmy0I29tNjSjEkhQZJ6PwNoBNxlz8G1sDJvWcbrKBUK4C41g8bDV8c10aBFaNgRHqUDH\/1cgaLJN3cqpwFMZ4NsdKcv86WmoxdOBxiChr8dcnSQbSEXRrstxf\/m0YsekN5OYLj6\/UFjapq9xNUwS13rzVieY\/AzIXMs5OL6j3HmkhBylzETFz8zTgmpNrycb1xdjF3i91HFozbAYZh6Zik4G2Q5lxdjNPsMfOqL2iNQMxKrBbwNFs59gh7qb6coxMbOKh2YxwYyjiV\/jHUkMvIGrjj3hNNZNdm0CTLJFnDwKq1n+Dg8sZdJ9gquePrZYh4OocBJ2DcpxDGXLHRfoPMkjQYVeVjXkn0UgEZGPc0Q\/bpSbQzB09bLwp10PHGHHmjEtJ3V7QFHYTsrpkqjWLgB0BrKxFrKVbvzkR21i25IniY36\/WrzHg3Q+pyCSiLgMgaBmyIIMhdQQ12AotqkUDufUQlejmmgnhgX9fL+yZu0IMjibhkQ0JO3MW4qFlaipqtIP8gVBj2l5bpQH0mCuueaIdyyFJzXa9CwZ+caabRQKtHSgG+EMFt3V9U3ehz25VPjOhv\/MBzb8eK0WRkERqan3VDHPOijfq1xzok\/T2zKwsr2Pr4nFVbLbYgVkMEp\/cJuOv7QtCckVf+gn7XpIYOQilj9ba9o4yexu8C2kx5A7p7rpWo0KvLIq6eJqLP8KZn97YShdm7QzgI\/cWOdNeogiXmo5Ty3qjKzydbfyxMyI2kd1XHqm3diwa\/H4WqpnBl\/kMQ63TY+1mfH89BTy\/7DH9HJqVW5LW3FS9UpT1iGYiAHdyTup8xyqREmY\/EVabHszIwE0p4kR2H+2DTzArCvXkfTj5NqI44YIT7QHMS1+G+\/l2LMS3KESD3stzL+72li5vgz\/parNw9MJfk2FWtrH1u\/u1XGo30zsUoPvUxHD88tsZ4CWbKbtwJRFea6S6uyAho97xFcy\/VrflVZjJ\/caDdAMt6q6kswkdIwq696y1iSkYClTuj62f4wVZpiVRFFkMkc0aT5JoWRYQjo891yL9iO6XRSGBVcd7w0fItMlUJCc\/6EWk4IFtt\/vIo15Xhl8g+L7jxJn2tfpareEMzbdUDrTidAdt2zNzsqu89JZdIITupY8\/AgmxtEg20VKHXFvNMPuUC2rGKNbCDavINlLDMOxosxMlSWQZXfc8b7tfHmwM+WlpcW2g9msMtPfv03uddwsT7f0uHGJhBCEiTunEjb0pAL7ivChSTB\/ETXme\/+CP0kBrpICMofIjG3Fr1bqYwv8H2MNN4RguXq+zqTJqlxWaddKduKQvtIi2NCXFyzuu0wBkLi6xSmadFntp9azcsve+W3a\/LCcq5Mdd9wryKd+0A6sEytXmrk63q+2mE1zsyRHthEZx\/RtnWB1U9L338XL1yGjULRrbBK2BOBsWnmkVzT2ZYnU2PbpKaI5e1nrXr5H2sdRp2QmjicJqWUTZ00TGa7zDCEks3VYnGHQZhy\/hvmxBFrCUp4Q47uXAPOZ954dalCm6uKP9jJuqMVAAOY9L+G\/xKMevWuzGl3HNByQ79J\/dP\/ATrg4\/7HtlMJOQKADenGqvRMYIVo\/sq62fPJyrDDvwbbdMwkBfANRevYKi53rhjt3eos4snIZERU6tpnNuCg5mIaW9HMvhtFgxIdz6beFH3cJiC1halLdp+zGSd1TBXW3\/+wSyaN5a4qQRzQgLJNkG+9LgTYgcXIB21pCQraD1KGfZRxRx8XHbq7sV90AjyvtAer67Jn\/bEzgLfAmbm+Vf1SvA4metOWG5PXs1OgX9VqenExanyV10RUb93HADEX490L1xGJi21TsF+ncME9lUSmN34ginCZ4+0Iw+lWdSdLbN1Bv8\/2IKkZGF064zjJkPuKrN\/OX14mgIts2M0u2mo9LquPH5UZrd3kE4vUYceEbG\/UKDCZqK0OAN65j2CHDwKUfUYZLy54bTlXHgC5SiI9JBpiMl5JaeIHghrnP8kYpJVY1red4Usx3AzJm8+B29it5C7Ns2QKB4DEvPDm8XApSVjiVzJG0j4+ASQ\/N25V1pry6wgRx1mShzidExGFaaBXmWILpNMPrUv1kgTA7zwLWLWNt8u4k2cRFa+rIWceNmrajPLTIR1D\/OohmjhnmJy3UW+nelmm9alrUIbV9LklWmaVrmby1FZ+WrId5HAKb31DIKXJoos7oSmG6Kp31pq7LgLYzsfCviwTkruRWYYJFmDawzG1ekny4zv1rNSUMz8HQG+55UaxHl8QoJtmXsEPNcsCBuV88K+HbgnM03g3CcH5s5QPpnjlzIZI4TRM9yffzKml8HjPBnnJyomIgoy07atxst9iN3a1qBuoBbvWqHYbGm\/KeWCHC83B4TqzrbcB4sQTNcU9UZUaJpWhL1AKcH7vCLr+N0obCzS5PInd1TEBldsczQLvxsA8kmAZfYvCNRTaKLxSAwR\/3oO5dTd4usOfdnx+rcsyyPfcya2ELqrUm04cTgISDSomEYrO9H\/mhvwc1liWUZlpVGWqIGLHCe5LibHKGDrExiG99GerCkpjAXpLhRuwJAQqjXVD1d7Okq5Gb\/BlE\/3+sQ6KCJSGkoyImilCrID\/M+rL1mGBGv\/rUgnaFVlhPzf+FKsuwlPUmzHO9IPXsi9oeNw2kKpOQWBgMSkb6ww6F35phL1l6QY3xXfGQiORKZQKbn0APIsR9VIVrjogNO\/UpxcwFyN7VzQj2HhkPHUyPjdUHqfbZgzCni4a6NSwWXCgqfgQwXxwxKr70J3t5H9QlXFuEw3THI8myYDZobeQk1ES5mtfVeYPxuLjASuM19+oo9H0PqGEi2AZxaFb9j+Q+uOuXYzZAwiQLgX9e1lcv2T6atYomsstKvtp74UIoThzaxo8uaMIm22r7T5GtwVmHPs6pr7L38sbEYSqmZc6a4ECZRhfS31x2FZLW\/VxUveWaVt9gl6YcBI\/dbdQyU7GmBEiYRkkP0s+smT7ja7khg1YWhrQGWTmR50h1bwvwZDCdNInvQGQ2EccfFMJMUK3KQmEoye6uyf12O+6uMX2EhwiRChvZ2mpSlPgj65FrwtB6EuQbQbNIarb1fHzPL3w5Y0uK6nCZ62Q\/uAC8MWntugYPbjV+Z+lGT2kLxW7ITJpEEqxdZaNi1vxrcqYaTvK3RNZjaIEopXnbBBCdMIkq3CW\/5VVzdla8HBA+\/i8AGrh3vAHel+APSJCIND2y0GsrcVZl7lp84ulEcf3GjIUIibj4ThNl8CndsmOGAu2lkDTRaUQc6fUUJ5NQmm2YrHUkijpKDKC7bXdOs23KV27WpiCQN\/WPvfYFR6y7u0678qLYURpIPsTBuJjFWlUB0ZRcfi7FcZKH1G1qq4nmKatV2keFijGXqKmR8Rtzyp2jDx3TXRr76LvZodrt9tMzZThYjH0kiHcLfjC+ISlgkaNTFYvwanl1rTjGXWF3Bh5qbVuAxk\/rwRpLIueb4mOsLnN\/jW93kPrwCaOJVEsMxjkT8TSWIY82iAc0d0SOZyCl7IzGORMzdbNK5F65AMx8VFOwbNDUfRyK1T2Isx0Q7MB4z\/6epLhiGcSSyNv2um1sbKB7hB6V5mdvgiHEkMnt68jmk2ZWPdMZQbp1n+iSMI1GQ9LuO25+kow22cNVXBZzOMI5EQ06BpSjJgXDg5nZ+bMqrMHZHGzbJZsdIA8hk3Tri6UkYRyJ6aKBSdC60x72BG0e+Pg0jtevhzeu24Ax4otmnm8rEGEmiZPguxZbdORf9sH2sDRtRjCRR+kj6cARRXxLVr8oPOMNIEtUPhTuUddlTjwynKAYbiJEk8h4zEGinZyab\/QanBI4k0Z+TRnqCi\/q1K+nZfGBSjPU6Lh89kTOAvIf5lb7BkaVjSfT4SYcMbO47C\/M3OD55LInUx70VQnzfGUTi2NixGEsiekzn4\/Tuw5\/aEfcKRsfRDplh3EzEtUluZeNuQs438ty3q4WlerokzP6aW\/ad5NoX5iqdMJpE7hJ3SY2yHUBTapmTF3YVhqHruiFGlOaxttzhOM56lTlGiMsoxWMha3S7Q\/fYI+SI4DESzXCjN5bBZUyKxiPtCCKVEa4b5dycZhGTLaq0cLQWmmSjZb4d1lYNAX0jQmg2b3DK5EMk2h4ifYkWF4ZmUuwKR\/0SzfGLtOMhxER1vTihdjFXubj5mVHEP0rpuojhyins0EULUtdZkaZlBFrUg2qvPDGvhfoIiWhFZ2nhMMESvsEcS6JFGCEK5F2XvNVmmbQHJEm5WWlZjEQTpmFUhbVpKR4jyUiE0aynWFiEOdlm94NwSbxvrsj8pujTQSQ1nZjLguPnAu7JNOdP96VfjVefcPnBBx988MEHH3zwwQcffLDHf3ADNY+6\/F4PAAAAAElFTkSuQmCC\" alt=\"\"\/><\/figure>\n<\/div>\n\n\n<p>La UPC \u00e9s molt gran&#8230; i molt complicada! Si tens cap <strong>dubte o necessites assessorament<\/strong> relacionat amb la teva estimada Universitat, vine i t&#8217;ajudarem en tot el que puguem.<\/p>\n\n\n\n<p><br><br><\/p>\n","protected":false},"excerpt":{"rendered":"<p>La delegaci\u00f3 d&#8217;Estudiants posa a disposici\u00f3 dels alumnes de l&#8217;ESEIAAT els seg\u00fcents serveis: Servei de guixetes: La Delegaci\u00f3 d&#8217;Estudiants posa a disposici\u00f3 dels alumnes de l&#8217;ESEIAAT un servei de lloguer de guixetes personals. Per tal de consultar preus i condicions, veniu a la delegaci\u00f3. Pr\u00e9stec de cartes i jocs Tens [&hellip;]<\/p>\n","protected":false},"author":1,"featured_media":0,"parent":0,"menu_order":0,"comment_status":"closed","ping_status":"closed","template":"page-templates\/template-fullwidth.php","meta":{"footnotes":""},"class_list":["post-548","page","type-page","status-publish","hentry"],"_links":{"self":[{"href":"https:\/\/delegacio.eseiaat.upc.edu\/index.php?rest_route=\/wp\/v2\/pages\/548","targetHints":{"allow":["GET"]}}],"collection":[{"href":"https:\/\/delegacio.eseiaat.upc.edu\/index.php?rest_route=\/wp\/v2\/pages"}],"about":[{"href":"https:\/\/delegacio.eseiaat.upc.edu\/index.php?rest_route=\/wp\/v2\/types\/page"}],"author":[{"embeddable":true,"href":"https:\/\/delegacio.eseiaat.upc.edu\/index.php?rest_route=\/wp\/v2\/users\/1"}],"replies":[{"embeddable":true,"href":"https:\/\/delegacio.eseiaat.upc.edu\/index.php?rest_route=%2Fwp%2Fv2%2Fcomments&post=548"}],"version-history":[{"count":69,"href":"https:\/\/delegacio.eseiaat.upc.edu\/index.php?rest_route=\/wp\/v2\/pages\/548\/revisions"}],"predecessor-version":[{"id":1759,"href":"https:\/\/delegacio.eseiaat.upc.edu\/index.php?rest_route=\/wp\/v2\/pages\/548\/revisions\/1759"}],"wp:attachment":[{"href":"https:\/\/delegacio.eseiaat.upc.edu\/index.php?rest_route=%2Fwp%2Fv2%2Fmedia&parent=548"}],"curies":[{"name":"wp","href":"https:\/\/api.w.org\/{rel}","templated":true}]}}