{"id":42,"date":"2021-11-10T09:47:33","date_gmt":"2021-11-10T09:47:33","guid":{"rendered":"http:\/\/localhost\/DELE1\/?page_id=42"},"modified":"2024-10-01T21:24:44","modified_gmt":"2024-10-01T20:24:44","slug":"contacte","status":"publish","type":"page","link":"https:\/\/delegacio.eseiaat.upc.edu\/?page_id=42","title":{"rendered":"Contacte"},"content":{"rendered":"<p>Tens un dubte que necessites resoldre? Vols informaci\u00f3 sobre activitats o sobre la mateixa Universitat? La delegaci\u00f3 et respon!<\/p>\n<p>Contacta amb nosaltres a trav\u00e9s del formulari, a trav\u00e9s de les nostres xarxes socials o si no tamb\u00e9 pots venir a veure&#8217;ns al TR5 0.37, al costat de l&#8217;aula polivalent.<\/p>\n<p><\/p>\n\n<div class=\"wpforms-container wpforms-container-full wpforms-block wpforms-block-a6eababa-6c07-4c7e-bb51-2368a292df6a\" id=\"wpforms-1400\"><form id=\"wpforms-form-1400\" class=\"wpforms-validate wpforms-form wpforms-ajax-form\" data-formid=\"1400\" method=\"post\" enctype=\"multipart\/form-data\" action=\"\/index.php?rest_route=%2Fwp%2Fv2%2Fpages%2F42\" data-token=\"5a9075ab414ccc9aee196a0ddfa6f29c\" data-token-time=\"1777721254\"><noscript class=\"wpforms-error-noscript\">Activeu el JavaScript al navegador per a poder completar el formulari.<\/noscript><div class=\"wpforms-field-container\"><div id=\"wpforms-1400-field_1-container\" class=\"wpforms-field wpforms-field-name\" data-field-id=\"1\"><label class=\"wpforms-field-label\" for=\"wpforms-1400-field_1\">Nom i Cognoms <span class=\"wpforms-required-label\">*<\/span><\/label><input type=\"text\" id=\"wpforms-1400-field_1\" class=\"wpforms-field-medium wpforms-field-required\" name=\"wpforms[fields][1]\" required><\/div><div id=\"wpforms-1400-field_2-container\" class=\"wpforms-field wpforms-field-email\" data-field-id=\"2\"><label class=\"wpforms-field-label\" for=\"wpforms-1400-field_2\">Correu electr\u00f2nic <span class=\"wpforms-required-label\">*<\/span><\/label><input type=\"email\" id=\"wpforms-1400-field_2\" class=\"wpforms-field-medium wpforms-field-required\" name=\"wpforms[fields][2]\" spellcheck=\"false\" required><\/div><div id=\"wpforms-1400-field_3-container\" class=\"wpforms-field wpforms-field-textarea\" data-field-id=\"3\"><label class=\"wpforms-field-label\" for=\"wpforms-1400-field_3\">Quin dubte tens? <span class=\"wpforms-required-label\">*<\/span><\/label><textarea id=\"wpforms-1400-field_3\" class=\"wpforms-field-medium wpforms-field-required\" name=\"wpforms[fields][3]\" required><\/textarea><\/div><\/div><!-- .wpforms-field-container --><div class=\"wpforms-submit-container\" ><input type=\"hidden\" name=\"wpforms[id]\" value=\"1400\"><input type=\"hidden\" name=\"page_title\" value=\"\"><input type=\"hidden\" name=\"page_url\" value=\"https:\/\/delegacio.eseiaat.upc.edu\/index.php?rest_route=\/wp\/v2\/pages\/42\"><input type=\"hidden\" name=\"url_referer\" value=\"\"><button type=\"submit\" name=\"wpforms[submit]\" id=\"wpforms-submit-1400\" class=\"wpforms-submit\" data-alt-text=\"S&#039;est\u00e0 enviant...\" data-submit-text=\"Envia\" aria-live=\"assertive\" value=\"wpforms-submit\">Envia<\/button><img loading=\"lazy\" decoding=\"async\" src=\"https:\/\/delegacio.eseiaat.upc.edu\/wp-content\/plugins\/wpforms-lite\/assets\/images\/submit-spin.svg\" class=\"wpforms-submit-spinner\" style=\"display: none;\" width=\"26\" height=\"26\" alt=\"S&#039;est\u00e0 carregant\"><\/div><\/form><\/div>  <!-- .wpforms-container -->","protected":false},"excerpt":{"rendered":"<p>Tens un dubte que necessites resoldre? Vols informaci\u00f3 sobre activitats o sobre la mateixa Universitat? La delegaci\u00f3 et respon! Contacta amb nosaltres a trav\u00e9s del formulari, a trav\u00e9s de les nostres xarxes socials o si no tamb\u00e9 pots venir a veure&#8217;ns al TR5 0.37, al costat de l&#8217;aula polivalent.<\/p>\n","protected":false},"author":1,"featured_media":110,"parent":0,"menu_order":0,"comment_status":"closed","ping_status":"closed","template":"","meta":{"footnotes":""},"class_list":["post-42","page","type-page","status-publish","has-post-thumbnail","hentry"],"_links":{"self":[{"href":"https:\/\/delegacio.eseiaat.upc.edu\/index.php?rest_route=\/wp\/v2\/pages\/42","targetHints":{"allow":["GET"]}}],"collection":[{"href":"https:\/\/delegacio.eseiaat.upc.edu\/index.php?rest_route=\/wp\/v2\/pages"}],"about":[{"href":"https:\/\/delegacio.eseiaat.upc.edu\/index.php?rest_route=\/wp\/v2\/types\/page"}],"author":[{"embeddable":true,"href":"https:\/\/delegacio.eseiaat.upc.edu\/index.php?rest_route=\/wp\/v2\/users\/1"}],"replies":[{"embeddable":true,"href":"https:\/\/delegacio.eseiaat.upc.edu\/index.php?rest_route=%2Fwp%2Fv2%2Fcomments&post=42"}],"version-history":[{"count":59,"href":"https:\/\/delegacio.eseiaat.upc.edu\/index.php?rest_route=\/wp\/v2\/pages\/42\/revisions"}],"predecessor-version":[{"id":1731,"href":"https:\/\/delegacio.eseiaat.upc.edu\/index.php?rest_route=\/wp\/v2\/pages\/42\/revisions\/1731"}],"wp:featuredmedia":[{"embeddable":true,"href":"https:\/\/delegacio.eseiaat.upc.edu\/index.php?rest_route=\/"}],"wp:attachment":[{"href":"https:\/\/delegacio.eseiaat.upc.edu\/index.php?rest_route=%2Fwp%2Fv2%2Fmedia&parent=42"}],"curies":[{"name":"wp","href":"https:\/\/api.w.org\/{rel}","templated":true}]}}