{"id":308,"date":"2021-11-17T08:48:21","date_gmt":"2021-11-17T08:48:21","guid":{"rendered":"http:\/\/localhost\/DELE1\/?page_id=308"},"modified":"2025-12-01T13:06:43","modified_gmt":"2025-12-01T12:06:43","slug":"master-universitari-en-enginyeria-de-sistemes-automatics-i-electronica-industrial","status":"publish","type":"page","link":"https:\/\/delegacio.eseiaat.upc.edu\/?page_id=308","title":{"rendered":"M\u00e0ster Universitari en Enginyeria de Sistemes Autom\u00e0tics i Electr\u00f2nica Industrial"},"content":{"rendered":"<h3>DELEGATS\/DELEGADES<\/h3>\n<p>1r:<\/p>\n<ul>\n<li>Guillermo Dur\u00f3 Andolz: guillermo.duro@estudiantat.upc.edu<\/li>\n<\/ul>\n<ul><\/ul>\n","protected":false},"excerpt":{"rendered":"<p>DELEGATS\/DELEGADES 1r: Guillermo Dur\u00f3 Andolz: guillermo.duro@estudiantat.upc.edu<\/p>\n","protected":false},"author":1,"featured_media":0,"parent":0,"menu_order":0,"comment_status":"closed","ping_status":"closed","template":"page-templates\/template-fullwidth.php","meta":{"footnotes":""},"class_list":["post-308","page","type-page","status-publish","hentry"],"_links":{"self":[{"href":"https:\/\/delegacio.eseiaat.upc.edu\/index.php?rest_route=\/wp\/v2\/pages\/308","targetHints":{"allow":["GET"]}}],"collection":[{"href":"https:\/\/delegacio.eseiaat.upc.edu\/index.php?rest_route=\/wp\/v2\/pages"}],"about":[{"href":"https:\/\/delegacio.eseiaat.upc.edu\/index.php?rest_route=\/wp\/v2\/types\/page"}],"author":[{"embeddable":true,"href":"https:\/\/delegacio.eseiaat.upc.edu\/index.php?rest_route=\/wp\/v2\/users\/1"}],"replies":[{"embeddable":true,"href":"https:\/\/delegacio.eseiaat.upc.edu\/index.php?rest_route=%2Fwp%2Fv2%2Fcomments&post=308"}],"version-history":[{"count":5,"href":"https:\/\/delegacio.eseiaat.upc.edu\/index.php?rest_route=\/wp\/v2\/pages\/308\/revisions"}],"predecessor-version":[{"id":1781,"href":"https:\/\/delegacio.eseiaat.upc.edu\/index.php?rest_route=\/wp\/v2\/pages\/308\/revisions\/1781"}],"wp:attachment":[{"href":"https:\/\/delegacio.eseiaat.upc.edu\/index.php?rest_route=%2Fwp%2Fv2%2Fmedia&parent=308"}],"curies":[{"name":"wp","href":"https:\/\/api.w.org\/{rel}","templated":true}]}}