{"id":2129,"date":"2026-03-16T17:40:23","date_gmt":"2026-03-16T16:40:23","guid":{"rendered":"https:\/\/delegacio.eseiaat.upc.edu\/?page_id=2129"},"modified":"2026-03-16T17:40:25","modified_gmt":"2026-03-16T16:40:25","slug":"actividades-en-eseiaat","status":"publish","type":"page","link":"https:\/\/delegacio.eseiaat.upc.edu\/?page_id=2129","title":{"rendered":"Actividades en ESEIAAT"},"content":{"rendered":"\n<p>En este apartado puedes conocer todas las actividades que se llevan a cabo durante todo el curso en la facultad.<\/p>\n\n\n\n<h2 class=\"wp-block-heading\"><strong>FASS<\/strong><\/h2>\n\n\n\n<p>La FASS es la Feria que organiza la ESEIAAT donde stands de empresas de \u00e1mbito industrial, aeroespacial y audiovisual te buscan a ti. En este foro tendr\u00e1s la oportunidad de conocer la actividad que tienen muchas empresas y las opciones que ofrecen para realizar pr\u00e1cticas, proyectos de fin de grado y orientaci\u00f3n al mercado laboral. Ven a la Plaza Hedy Lamarr, delante del edificio TR5 (Colom 11, Terrassa) y descubre las oportunidades que te esperan fuera de la universidad.<\/p>\n\n\n\n<p>Algunas de las empresas que participan:<\/p>\n\n\n\n<figure class=\"wp-block-image size-full is-resized\"><img loading=\"lazy\" decoding=\"async\" width=\"565\" height=\"346\" src=\"https:\/\/delegacio.eseiaat.upc.edu\/wp-content\/uploads\/2026\/03\/Captura-de-pantalla-2026-03-09-182619-3.jpg\" alt=\"\" class=\"wp-image-2131\" style=\"width:546px;height:auto\" srcset=\"https:\/\/delegacio.eseiaat.upc.edu\/wp-content\/uploads\/2026\/03\/Captura-de-pantalla-2026-03-09-182619-3.jpg 565w, https:\/\/delegacio.eseiaat.upc.edu\/wp-content\/uploads\/2026\/03\/Captura-de-pantalla-2026-03-09-182619-3-300x184.jpg 300w\" sizes=\"auto, (max-width: 565px) 100vw, 565px\" \/><\/figure>\n\n\n\n<h2 class=\"wp-block-heading\">Fiesta de Navidad<\/h2>\n\n\n\n<div class=\"wp-block-media-text is-stacked-on-mobile\" style=\"grid-template-columns:36% auto\"><figure class=\"wp-block-media-text__media\"><img loading=\"lazy\" decoding=\"async\" width=\"403\" height=\"570\" src=\"https:\/\/delegacio.eseiaat.upc.edu\/wp-content\/uploads\/2026\/03\/festa-de-nadal-2.jpg\" alt=\"\" class=\"wp-image-2132 size-full\" srcset=\"https:\/\/delegacio.eseiaat.upc.edu\/wp-content\/uploads\/2026\/03\/festa-de-nadal-2.jpg 403w, https:\/\/delegacio.eseiaat.upc.edu\/wp-content\/uploads\/2026\/03\/festa-de-nadal-2-212x300.jpg 212w\" sizes=\"auto, (max-width: 403px) 100vw, 403px\" \/><\/figure><div class=\"wp-block-media-text__content\">\n<p>La fiesta de Navidad es una celebraci\u00f3n que se organiza desde la Delegaci\u00f3n de Estudiantes en la ESEIAAT, para poder celebrar la llegada de la Navidad. \u00bfTe gusta el baloncesto? \u00bfJugar al quinto? \u00bfO quiz\u00e1s quieres un chocolate caliente para soportar el fr\u00edo de diciembre? Pues todas estas opciones las tienes, \u00a1adem\u00e1s con la chocolatada podr\u00e1s colaborar con la Marat\u00f3 de TV3.<\/p>\n\n\n\n<p>Adem\u00e1s, podr\u00e1s comprar el merchandising de la universidad, golpear el tronco de Navidad o participar en el Artist Alley, una actividad muy reconocida tambi\u00e9n en la semana cultural.<\/p>\n<\/div><\/div>\n\n\n\n<h2 class=\"wp-block-heading\">Fiesta Post Parciales<\/h2>\n\n\n\n<p>Sabemos que los ex\u00e1menes son muy duros, por eso, para celebrar que la tortura ha terminado, organizamos un d\u00eda para disfrutar y pasar tiempo entre compa\u00f1eros sin preocuparse de si escribiste bien el signo en el resultado del problema 3 del examen.<\/p>\n\n\n\n<p>Tragaflanes, bingo musical, torneo de deportes o beer-pong son solo un peque\u00f1o adelanto de todo lo que puedes disfrutar. \u00a1No te lo pierdas y desconecta!<\/p>\n\n\n\n<h2 class=\"wp-block-heading\">Almuerzos Delegaci\u00f3n<\/h2>\n\n\n\n<p>Como actividad interna exclusiva para los miembros de la delegaci\u00f3n, organizamos almuerzos peri\u00f3dicos en fechas especiales para dar la bienvenida con los brazos abiertos a los nuevos delegados, reforzar la relaci\u00f3n entre todos y simplemente disfrutar de buenos momentos juntos. Estos almuerzos son el mejor pretexto para celebrar nuestros \u00e9xitos, planificar futuras iniciativas y crear v\u00ednculos que hacen de la delegaci\u00f3n una gran familia. La fiesta est\u00e1 siempre asegurada con buena comida, risas y compa\u00f1\u00eda: si tienes ganas de formar parte, \u00fanete y descubre estos momentos \u00fanicos desde dentro!<\/p>\n","protected":false},"excerpt":{"rendered":"<p>En este apartado puedes conocer todas las actividades que se llevan a cabo durante todo el curso en la facultad. FASS La FASS es la Feria que organiza la ESEIAAT donde stands de empresas de \u00e1mbito industrial, aeroespacial y audiovisual te buscan a ti. En este foro tendr\u00e1s la oportunidad [&hellip;]<\/p>\n","protected":false},"author":1,"featured_media":0,"parent":0,"menu_order":0,"comment_status":"closed","ping_status":"closed","template":"","meta":{"footnotes":""},"class_list":["post-2129","page","type-page","status-publish","hentry"],"_links":{"self":[{"href":"https:\/\/delegacio.eseiaat.upc.edu\/index.php?rest_route=\/wp\/v2\/pages\/2129","targetHints":{"allow":["GET"]}}],"collection":[{"href":"https:\/\/delegacio.eseiaat.upc.edu\/index.php?rest_route=\/wp\/v2\/pages"}],"about":[{"href":"https:\/\/delegacio.eseiaat.upc.edu\/index.php?rest_route=\/wp\/v2\/types\/page"}],"author":[{"embeddable":true,"href":"https:\/\/delegacio.eseiaat.upc.edu\/index.php?rest_route=\/wp\/v2\/users\/1"}],"replies":[{"embeddable":true,"href":"https:\/\/delegacio.eseiaat.upc.edu\/index.php?rest_route=%2Fwp%2Fv2%2Fcomments&post=2129"}],"version-history":[{"count":1,"href":"https:\/\/delegacio.eseiaat.upc.edu\/index.php?rest_route=\/wp\/v2\/pages\/2129\/revisions"}],"predecessor-version":[{"id":2133,"href":"https:\/\/delegacio.eseiaat.upc.edu\/index.php?rest_route=\/wp\/v2\/pages\/2129\/revisions\/2133"}],"wp:attachment":[{"href":"https:\/\/delegacio.eseiaat.upc.edu\/index.php?rest_route=%2Fwp%2Fv2%2Fmedia&parent=2129"}],"curies":[{"name":"wp","href":"https:\/\/api.w.org\/{rel}","templated":true}]}}