{"id":1987,"date":"2026-03-12T14:22:26","date_gmt":"2026-03-12T13:22:26","guid":{"rendered":"https:\/\/delegacio.eseiaat.upc.edu\/?page_id=1987"},"modified":"2026-03-12T14:49:56","modified_gmt":"2026-03-12T13:49:56","slug":"activitats-a-leseiaat","status":"publish","type":"page","link":"https:\/\/delegacio.eseiaat.upc.edu\/?page_id=1987","title":{"rendered":"Activitats a l&#8217;ESEIAAT"},"content":{"rendered":"\n<p>En aquest apartat pots con\u00e8ixer totes les activitats que es duen a terme durant tot el curs a la facultat.<\/p>\n\n\n\n<h2 class=\"wp-block-heading\"><strong>FASS<\/strong><\/h2>\n\n\n\n<p>La FASS \u00e9s la Fira que organitza l&#8217;ESEIAAT on estands d&#8217;empreses d&#8217;\u00e0mbit industrial, aeroespacial i audiovisual et busquen a tu. En aquest f\u00f2rum tindr\u00e0s l&#8217;oportunitat de con\u00e8ixer l&#8217;activitat que tenen moltes empreses i les opcions que ofereixen per realitzar pr\u00e0ctiques, projectes de final de graus i orientaci\u00f3 al mercat laboral. Vine a la Pla\u00e7a Hedy Lamarr, davant de l&#8217;edifici TR5 (Colom 11, Terrassa) i descobreix les oportunitast que t&#8217;esperen fora de la universitat.<\/p>\n\n\n\n<p>Algunes de les empreses que hi participen:<\/p>\n\n\n\n<figure class=\"wp-block-image size-full is-resized\"><img loading=\"lazy\" decoding=\"async\" width=\"565\" height=\"346\" src=\"https:\/\/delegacio.eseiaat.upc.edu\/wp-content\/uploads\/2026\/03\/Captura-de-pantalla-2026-03-09-182619.jpg\" alt=\"\" class=\"wp-image-2030\" style=\"aspect-ratio:1.6329760923330585;width:528px;height:auto\" srcset=\"https:\/\/delegacio.eseiaat.upc.edu\/wp-content\/uploads\/2026\/03\/Captura-de-pantalla-2026-03-09-182619.jpg 565w, https:\/\/delegacio.eseiaat.upc.edu\/wp-content\/uploads\/2026\/03\/Captura-de-pantalla-2026-03-09-182619-300x184.jpg 300w\" sizes=\"auto, (max-width: 565px) 100vw, 565px\" \/><\/figure>\n\n\n\n<p><\/p>\n\n\n\n<h2 class=\"wp-block-heading\"><strong>Festa de Nadal<\/strong><\/h2>\n\n\n\n<div class=\"wp-block-media-text is-stacked-on-mobile\" style=\"grid-template-columns:36% auto\"><figure class=\"wp-block-media-text__media\"><img loading=\"lazy\" decoding=\"async\" width=\"403\" height=\"570\" src=\"https:\/\/delegacio.eseiaat.upc.edu\/wp-content\/uploads\/2026\/03\/festa-de-nadal.jpg\" alt=\"\" class=\"wp-image-2035 size-full\" srcset=\"https:\/\/delegacio.eseiaat.upc.edu\/wp-content\/uploads\/2026\/03\/festa-de-nadal.jpg 403w, https:\/\/delegacio.eseiaat.upc.edu\/wp-content\/uploads\/2026\/03\/festa-de-nadal-212x300.jpg 212w\" sizes=\"auto, (max-width: 403px) 100vw, 403px\" \/><\/figure><div class=\"wp-block-media-text__content\">\n<p>La festa de Nadal \u00e9s una celebraci\u00f3 que s&#8217;organitza des de la Delegaci\u00f3 d&#8217;Estudiants a l&#8217;ESEIAAT, per poder celebrar l&#8217;arribada de Nadal. T&#8217;agrada el b\u00e0squet? Jugar al quinto? O potser vols una xocolata calenta per suportar el fred de desembre? Doncs totes aquestes opcions les tens! on a m\u00e9s a m\u00e9s amb la xocolatada podr\u00e0s col\u00b7laborar amb la Marat\u00f3 de TV3.<\/p>\n\n\n\n<p>A part, podr\u00e0s comprar el merchandaising de la universitat, cagar el ti\u00f3 o participar en l&#8217;Artist Alley, una activitat molt reconeguda tamb\u00e9 en la setmana cultural.<\/p>\n<\/div><\/div>\n\n\n\n<p><\/p>\n\n\n\n<h2 class=\"wp-block-heading\">Festa Post Parcials<\/h2>\n\n\n\n<p>Sabem que els examens s\u00f3n molt durs, per tant per cel\u00b7lebrar que la tortura ha acabat, organitzem des de la delegaci\u00f3 un dia per gaudir i passar temps entre companys sense pensar en si has escrit b\u00e9 el signe al resultat del problema 3 de l&#8217;examen.<\/p>\n\n\n\n<p>Tragaflams, bingo musical, torneig d&#8217;esports o beer-pong s\u00f3n nom\u00e9s un tastet de tot el que pots disfrutar. No t&#8217;ho perdis i desconnecta!<\/p>\n\n\n\n<p><\/p>\n\n\n\n<h2 class=\"wp-block-heading\">Dinars Delegaci\u00f3<\/h2>\n\n\n\n<p>Com a activitat interna exclusiva per als membres de la delegaci\u00f3, organitzem dinars peri\u00f2dics en dates especials per acollir amb els bra\u00e7os oberts els nous delegats, refor\u00e7ar la relaci\u00f3 entre tots i simplement gaudir de bons moments plegats. Aquests dinars s\u00f3n el millor pretext per celebrar els nostres \u00e8xits, planificar futures iniciatives i crear vincles que fan la delegaci\u00f3 una gran fam\u00edlia. La festa est\u00e0 sempre assegurada amb bon menjar, rialles i companyia: si tens ganes de formar-hi part, uneix-t\u2019hi i descobreix aquests moments \u00fanics des de dins!<\/p>\n\n\n\n<p><\/p>\n","protected":false},"excerpt":{"rendered":"<p>En aquest apartat pots con\u00e8ixer totes les activitats que es duen a terme durant tot el curs a la facultat. FASS La FASS \u00e9s la Fira que organitza l&#8217;ESEIAAT on estands d&#8217;empreses d&#8217;\u00e0mbit industrial, aeroespacial i audiovisual et busquen a tu. En aquest f\u00f2rum tindr\u00e0s l&#8217;oportunitat de con\u00e8ixer l&#8217;activitat que [&hellip;]<\/p>\n","protected":false},"author":1,"featured_media":0,"parent":0,"menu_order":0,"comment_status":"closed","ping_status":"closed","template":"","meta":{"footnotes":""},"class_list":["post-1987","page","type-page","status-publish","hentry"],"_links":{"self":[{"href":"https:\/\/delegacio.eseiaat.upc.edu\/index.php?rest_route=\/wp\/v2\/pages\/1987","targetHints":{"allow":["GET"]}}],"collection":[{"href":"https:\/\/delegacio.eseiaat.upc.edu\/index.php?rest_route=\/wp\/v2\/pages"}],"about":[{"href":"https:\/\/delegacio.eseiaat.upc.edu\/index.php?rest_route=\/wp\/v2\/types\/page"}],"author":[{"embeddable":true,"href":"https:\/\/delegacio.eseiaat.upc.edu\/index.php?rest_route=\/wp\/v2\/users\/1"}],"replies":[{"embeddable":true,"href":"https:\/\/delegacio.eseiaat.upc.edu\/index.php?rest_route=%2Fwp%2Fv2%2Fcomments&post=1987"}],"version-history":[{"count":9,"href":"https:\/\/delegacio.eseiaat.upc.edu\/index.php?rest_route=\/wp\/v2\/pages\/1987\/revisions"}],"predecessor-version":[{"id":2130,"href":"https:\/\/delegacio.eseiaat.upc.edu\/index.php?rest_route=\/wp\/v2\/pages\/1987\/revisions\/2130"}],"wp:attachment":[{"href":"https:\/\/delegacio.eseiaat.upc.edu\/index.php?rest_route=%2Fwp%2Fv2%2Fmedia&parent=1987"}],"curies":[{"name":"wp","href":"https:\/\/api.w.org\/{rel}","templated":true}]}}