{"id":1902,"date":"2025-12-05T12:46:13","date_gmt":"2025-12-05T11:46:13","guid":{"rendered":"https:\/\/delegacio.eseiaat.upc.edu\/?page_id=1902"},"modified":"2025-12-05T13:32:44","modified_gmt":"2025-12-05T12:32:44","slug":"master-universitario-en-ingenieria-aeronautica","status":"publish","type":"page","link":"https:\/\/delegacio.eseiaat.upc.edu\/?page_id=1902","title":{"rendered":"M\u00e1ster Universitario en Ingenier\u00eda Aeron\u00e1utica"},"content":{"rendered":"\n<h3 class=\"wp-block-heading\">DELEGADOS\/DELEGADAS<\/h3>\n\n\n\n<p>1o:<\/p>\n\n\n\n<ul class=\"wp-block-list\">\n<li>Guillem Dur\u00f3 Andolz: guillermo.duro@estudiantat.upc.edu<\/li>\n<\/ul>\n","protected":false},"excerpt":{"rendered":"<p>DELEGADOS\/DELEGADAS 1o:<\/p>\n","protected":false},"author":1,"featured_media":0,"parent":0,"menu_order":0,"comment_status":"closed","ping_status":"closed","template":"page-templates\/template-fullwidth.php","meta":{"footnotes":""},"class_list":["post-1902","page","type-page","status-publish","hentry"],"_links":{"self":[{"href":"https:\/\/delegacio.eseiaat.upc.edu\/index.php?rest_route=\/wp\/v2\/pages\/1902","targetHints":{"allow":["GET"]}}],"collection":[{"href":"https:\/\/delegacio.eseiaat.upc.edu\/index.php?rest_route=\/wp\/v2\/pages"}],"about":[{"href":"https:\/\/delegacio.eseiaat.upc.edu\/index.php?rest_route=\/wp\/v2\/types\/page"}],"author":[{"embeddable":true,"href":"https:\/\/delegacio.eseiaat.upc.edu\/index.php?rest_route=\/wp\/v2\/users\/1"}],"replies":[{"embeddable":true,"href":"https:\/\/delegacio.eseiaat.upc.edu\/index.php?rest_route=%2Fwp%2Fv2%2Fcomments&post=1902"}],"version-history":[{"count":2,"href":"https:\/\/delegacio.eseiaat.upc.edu\/index.php?rest_route=\/wp\/v2\/pages\/1902\/revisions"}],"predecessor-version":[{"id":1953,"href":"https:\/\/delegacio.eseiaat.upc.edu\/index.php?rest_route=\/wp\/v2\/pages\/1902\/revisions\/1953"}],"wp:attachment":[{"href":"https:\/\/delegacio.eseiaat.upc.edu\/index.php?rest_route=%2Fwp%2Fv2%2Fmedia&parent=1902"}],"curies":[{"name":"wp","href":"https:\/\/api.w.org\/{rel}","templated":true}]}}