{"id":1860,"date":"2025-12-01T18:01:51","date_gmt":"2025-12-01T17:01:51","guid":{"rendered":"https:\/\/delegacio.eseiaat.upc.edu\/?page_id=1860"},"modified":"2025-12-01T18:01:55","modified_gmt":"2025-12-01T17:01:55","slug":"grado-de-ingenieria-industrial-fase-inicial-2","status":"publish","type":"page","link":"https:\/\/delegacio.eseiaat.upc.edu\/?page_id=1860","title":{"rendered":"Grado de Ingenier\u00eda Industrial Fase Inicial"},"content":{"rendered":"\n<h2 class=\"wp-block-heading\">DELEGADOS\/DELEGADAS<\/h2>\n\n\n\n<p>1o:<\/p>\n\n\n\n<ul class=\"wp-block-list\">\n<li>Marina Valverde Perich: marina.valverde@estudiantat.upc.edu<\/li>\n\n\n\n<li>Erola Gol i Serra: erola.gol@estudiantat.upc.edu<\/li>\n\n\n\n<li>Bruno Cost\u00e1n Gonz\u00e1lez: bruno.costan@estudiantat.upc.edu<\/li>\n\n\n\n<li>Cinta Ortega Basora: cinta.ortega@estudiantat.upc.edu<\/li>\n\n\n\n<li>\u00c1lvaro David Rodr\u00edguez Dom\u00ednguez: alvaro.david.rodriguez@estudiantat.upc.edu<\/li>\n\n\n\n<li>Alexandre Garc\u00eda Puga: alexandre.garcia.puga@estudiantat.upc.edu<\/li>\n<\/ul>\n\n\n\n<p>2o:<\/p>\n\n\n\n<ul class=\"wp-block-list\">\n<li>Edixon Sebastian Parraga Leon: edixon.sebastian.parraga@estudiantat.upc.edu<\/li>\n\n\n\n<li>Guim Morral Monjo: guim.morral@estudiantat.upc.edu<\/li>\n\n\n\n<li>Isaac Sanchez i Melero: isaac.sanchez@estudiantat.upc.edu<\/li>\n\n\n\n<li>Chiara Sala Gancho: chiara.sala@estudiantat.upc.edu<\/li>\n<\/ul>\n","protected":false},"excerpt":{"rendered":"<p>DELEGADOS\/DELEGADAS 1o: 2o:<\/p>\n","protected":false},"author":1,"featured_media":0,"parent":0,"menu_order":0,"comment_status":"closed","ping_status":"closed","template":"page-templates\/template-fullwidth.php","meta":{"footnotes":""},"class_list":["post-1860","page","type-page","status-publish","hentry"],"_links":{"self":[{"href":"https:\/\/delegacio.eseiaat.upc.edu\/index.php?rest_route=\/wp\/v2\/pages\/1860","targetHints":{"allow":["GET"]}}],"collection":[{"href":"https:\/\/delegacio.eseiaat.upc.edu\/index.php?rest_route=\/wp\/v2\/pages"}],"about":[{"href":"https:\/\/delegacio.eseiaat.upc.edu\/index.php?rest_route=\/wp\/v2\/types\/page"}],"author":[{"embeddable":true,"href":"https:\/\/delegacio.eseiaat.upc.edu\/index.php?rest_route=\/wp\/v2\/users\/1"}],"replies":[{"embeddable":true,"href":"https:\/\/delegacio.eseiaat.upc.edu\/index.php?rest_route=%2Fwp%2Fv2%2Fcomments&post=1860"}],"version-history":[{"count":1,"href":"https:\/\/delegacio.eseiaat.upc.edu\/index.php?rest_route=\/wp\/v2\/pages\/1860\/revisions"}],"predecessor-version":[{"id":1862,"href":"https:\/\/delegacio.eseiaat.upc.edu\/index.php?rest_route=\/wp\/v2\/pages\/1860\/revisions\/1862"}],"wp:attachment":[{"href":"https:\/\/delegacio.eseiaat.upc.edu\/index.php?rest_route=%2Fwp%2Fv2%2Fmedia&parent=1860"}],"curies":[{"name":"wp","href":"https:\/\/api.w.org\/{rel}","templated":true}]}}