{"id":1837,"date":"2025-12-01T13:48:31","date_gmt":"2025-12-01T12:48:31","guid":{"rendered":"https:\/\/delegacio.eseiaat.upc.edu\/?page_id=1837"},"modified":"2025-12-01T13:48:31","modified_gmt":"2025-12-01T12:48:31","slug":"master-universitario-en-ingenieria-de-sistemas-automaticos-y-electronica-industrial-2","status":"publish","type":"page","link":"https:\/\/delegacio.eseiaat.upc.edu\/?page_id=1837","title":{"rendered":"M\u00e1ster Universitario en Ingenier\u00eda de Sistemas Autom\u00e1ticos y Electr\u00f3nica Industrial"},"content":{"rendered":"\n<h3 class=\"wp-block-heading\">DELEGADOS\/DELEGADAS<\/h3>\n\n\n\n<p>1o:<\/p>\n\n\n\n<ul class=\"wp-block-list\">\n<li>Guillermo Dur\u00f3 Andolz: guillermo.duro@estudiantat.upc.edu<\/li>\n<\/ul>\n","protected":false},"excerpt":{"rendered":"<p>DELEGADOS\/DELEGADAS 1o:<\/p>\n","protected":false},"author":1,"featured_media":0,"parent":0,"menu_order":0,"comment_status":"closed","ping_status":"closed","template":"page-templates\/template-fullwidth.php","meta":{"footnotes":""},"class_list":["post-1837","page","type-page","status-publish","hentry"],"_links":{"self":[{"href":"https:\/\/delegacio.eseiaat.upc.edu\/index.php?rest_route=\/wp\/v2\/pages\/1837","targetHints":{"allow":["GET"]}}],"collection":[{"href":"https:\/\/delegacio.eseiaat.upc.edu\/index.php?rest_route=\/wp\/v2\/pages"}],"about":[{"href":"https:\/\/delegacio.eseiaat.upc.edu\/index.php?rest_route=\/wp\/v2\/types\/page"}],"author":[{"embeddable":true,"href":"https:\/\/delegacio.eseiaat.upc.edu\/index.php?rest_route=\/wp\/v2\/users\/1"}],"replies":[{"embeddable":true,"href":"https:\/\/delegacio.eseiaat.upc.edu\/index.php?rest_route=%2Fwp%2Fv2%2Fcomments&post=1837"}],"version-history":[{"count":1,"href":"https:\/\/delegacio.eseiaat.upc.edu\/index.php?rest_route=\/wp\/v2\/pages\/1837\/revisions"}],"predecessor-version":[{"id":1839,"href":"https:\/\/delegacio.eseiaat.upc.edu\/index.php?rest_route=\/wp\/v2\/pages\/1837\/revisions\/1839"}],"wp:attachment":[{"href":"https:\/\/delegacio.eseiaat.upc.edu\/index.php?rest_route=%2Fwp%2Fv2%2Fmedia&parent=1837"}],"curies":[{"name":"wp","href":"https:\/\/api.w.org\/{rel}","templated":true}]}}