{"id":1821,"date":"2025-12-01T13:40:55","date_gmt":"2025-12-01T12:40:55","guid":{"rendered":"https:\/\/delegacio.eseiaat.upc.edu\/?page_id=1821"},"modified":"2025-12-01T13:40:56","modified_gmt":"2025-12-01T12:40:56","slug":"grado-en-ingenieria-de-tecnologia-y-diseno-textil-2","status":"publish","type":"page","link":"https:\/\/delegacio.eseiaat.upc.edu\/?page_id=1821","title":{"rendered":"Grado en Ingenier\u00eda de Tecnolog\u00eda y Dise\u00f1o Textil"},"content":{"rendered":"\n<h3 class=\"wp-block-heading\">DELEGADOS\/DELEGADAS<\/h3>\n\n\n\n<p>3o:<\/p>\n\n\n\n<ul class=\"wp-block-list\">\n<li><\/li>\n<\/ul>\n\n\n\n<p>4o:<\/p>\n\n\n\n<ul class=\"wp-block-list\">\n<li>Cristina Diaz Rovira: cristina.diaz.rovira@estudiantat.upc.edu<\/li>\n<\/ul>\n","protected":false},"excerpt":{"rendered":"<p>DELEGADOS\/DELEGADAS 3o: 4o:<\/p>\n","protected":false},"author":1,"featured_media":0,"parent":0,"menu_order":0,"comment_status":"closed","ping_status":"closed","template":"page-templates\/template-fullwidth.php","meta":{"footnotes":""},"class_list":["post-1821","page","type-page","status-publish","hentry"],"_links":{"self":[{"href":"https:\/\/delegacio.eseiaat.upc.edu\/index.php?rest_route=\/wp\/v2\/pages\/1821","targetHints":{"allow":["GET"]}}],"collection":[{"href":"https:\/\/delegacio.eseiaat.upc.edu\/index.php?rest_route=\/wp\/v2\/pages"}],"about":[{"href":"https:\/\/delegacio.eseiaat.upc.edu\/index.php?rest_route=\/wp\/v2\/types\/page"}],"author":[{"embeddable":true,"href":"https:\/\/delegacio.eseiaat.upc.edu\/index.php?rest_route=\/wp\/v2\/users\/1"}],"replies":[{"embeddable":true,"href":"https:\/\/delegacio.eseiaat.upc.edu\/index.php?rest_route=%2Fwp%2Fv2%2Fcomments&post=1821"}],"version-history":[{"count":1,"href":"https:\/\/delegacio.eseiaat.upc.edu\/index.php?rest_route=\/wp\/v2\/pages\/1821\/revisions"}],"predecessor-version":[{"id":1824,"href":"https:\/\/delegacio.eseiaat.upc.edu\/index.php?rest_route=\/wp\/v2\/pages\/1821\/revisions\/1824"}],"wp:attachment":[{"href":"https:\/\/delegacio.eseiaat.upc.edu\/index.php?rest_route=%2Fwp%2Fv2%2Fmedia&parent=1821"}],"curies":[{"name":"wp","href":"https:\/\/api.w.org\/{rel}","templated":true}]}}