{"id":1724,"date":"2025-11-28T12:50:28","date_gmt":"2025-11-28T11:50:28","guid":{"rendered":"https:\/\/delegacio.eseiaat.upc.edu\/?page_id=1724"},"modified":"2025-12-04T11:32:24","modified_gmt":"2025-12-04T10:32:24","slug":"qui-som","status":"publish","type":"page","link":"https:\/\/delegacio.eseiaat.upc.edu\/?page_id=1724","title":{"rendered":"Qui som?"},"content":{"rendered":"\n<p>La Delegaci\u00f3 d&#8217;Estudiants de l&#8217;ESEIAAT \u00e9s una organitzaci\u00f3 que fa de nexe entre els estudiants i l&#8217;escola. Participa en tots els \u00f2rgans de govern, reunions i esdeveniments que permetem millorar la qualitat de la nostra universitat i vetllar pel b\u00e9 dels estudiants. Treballa, b\u00e0sicament, en dos fronts: l&#8217;acad\u00e8mic i el cultural.<\/p>\n\n\n\n<p>Dins del primer es treballa en la representaci\u00f3 de l&#8217;estudiant a tots els nivells: dins l&#8217;escola, al Campus i en l&#8217;\u00e0mbit de tota la UPC arribant a nivell estatal.<\/p>\n\n\n\n<p>En el segon \u00e0mbit, poder el m\u00e9s conegut, \u00e9s l&#8217;encarregada d&#8217;organitzar activitats culturals com xerrades, cursos, projeccions audiovisuals i les activitats estrella: les 24 h de Cinema i la Setmana Cultural.<\/p>\n\n\n\n<p>Majorit\u00e0riament, la Delegaci\u00f3 est\u00e0 constitu\u00efda per voluntaris, malgrat que tamb\u00e9 hi ha becaris per dur a terme diferents tasques com l&#8217;organitzaci\u00f3 de la Setmana Cultural, escanejar ex\u00e0mens i mantenir un horari d&#8217;obertura regular per a consultes d&#8217;estudiants, entre d&#8217;altres. Aquestes beques estan subjectes a l&#8217;avaluaci\u00f3 anual per part dels \u00f2rgans de govern de la UPC.<\/p>\n\n\n\n<p>Recordem tamb\u00e9 que no som un grup tancat; qualsevol en pot formar part i demanar informaci\u00f3 del que es realitza, ja que en moltes ocasions la majoria de tasques queden en l&#8217;ombra i sense publicitar.<\/p>\n\n\n\n<p>Les finalitats b\u00e0siques que perseguim s\u00f3n:<\/p>\n\n\n\n<ul class=\"wp-block-list\">\n<li>Representaci\u00f3 dels estudiants de l&#8217;escola<\/li>\n\n\n\n<li>Foment de l&#8217;activitat i associativitat<\/li>\n\n\n\n<li>Foment de la formaci\u00f3 integral dels estudiants<\/li>\n<\/ul>\n\n\n\n<p>Dins d&#8217;aquests objectius estan englobats aspectes m\u00e9s concrets com:<\/p>\n\n\n\n<ul class=\"wp-block-list\">\n<li>Defensar els interessos del col\u00b7lectiu dels estudiants<\/li>\n\n\n\n<li>Representar i portar l&#8217;opini\u00f3 dels estudiants davant qui faci falta<\/li>\n\n\n\n<li>Informar els estudiants del que succeeix al seu voltant<\/li>\n\n\n\n<li>Fomentar la participaci\u00f3 dels estudiants, crear serveis d&#8217;utilitat per a aquests<\/li>\n<\/ul>\n","protected":false},"excerpt":{"rendered":"<p>La Delegaci\u00f3 d&#8217;Estudiants de l&#8217;ESEIAAT \u00e9s una organitzaci\u00f3 que fa de nexe entre els estudiants i l&#8217;escola. Participa en tots els \u00f2rgans de govern, reunions i esdeveniments que permetem millorar la qualitat de la nostra universitat i vetllar pel b\u00e9 dels estudiants. Treballa, b\u00e0sicament, en dos fronts: l&#8217;acad\u00e8mic i el [&hellip;]<\/p>\n","protected":false},"author":1,"featured_media":0,"parent":0,"menu_order":0,"comment_status":"closed","ping_status":"closed","template":"","meta":{"footnotes":""},"class_list":["post-1724","page","type-page","status-publish","hentry"],"_links":{"self":[{"href":"https:\/\/delegacio.eseiaat.upc.edu\/index.php?rest_route=\/wp\/v2\/pages\/1724","targetHints":{"allow":["GET"]}}],"collection":[{"href":"https:\/\/delegacio.eseiaat.upc.edu\/index.php?rest_route=\/wp\/v2\/pages"}],"about":[{"href":"https:\/\/delegacio.eseiaat.upc.edu\/index.php?rest_route=\/wp\/v2\/types\/page"}],"author":[{"embeddable":true,"href":"https:\/\/delegacio.eseiaat.upc.edu\/index.php?rest_route=\/wp\/v2\/users\/1"}],"replies":[{"embeddable":true,"href":"https:\/\/delegacio.eseiaat.upc.edu\/index.php?rest_route=%2Fwp%2Fv2%2Fcomments&post=1724"}],"version-history":[{"count":2,"href":"https:\/\/delegacio.eseiaat.upc.edu\/index.php?rest_route=\/wp\/v2\/pages\/1724\/revisions"}],"predecessor-version":[{"id":1728,"href":"https:\/\/delegacio.eseiaat.upc.edu\/index.php?rest_route=\/wp\/v2\/pages\/1724\/revisions\/1728"}],"wp:attachment":[{"href":"https:\/\/delegacio.eseiaat.upc.edu\/index.php?rest_route=%2Fwp%2Fv2%2Fmedia&parent=1724"}],"curies":[{"name":"wp","href":"https:\/\/api.w.org\/{rel}","templated":true}]}}