{"id":157,"date":"2021-11-15T08:28:18","date_gmt":"2021-11-15T08:28:18","guid":{"rendered":"http:\/\/localhost\/DELE1\/?page_id=157"},"modified":"2025-12-05T13:33:27","modified_gmt":"2025-12-05T12:33:27","slug":"elementor-157","status":"publish","type":"page","link":"https:\/\/delegacio.eseiaat.upc.edu\/?page_id=157","title":{"rendered":"Delegades\/Delegats"},"content":{"rendered":"<p><strong>ESTUDIS DE GRAU<\/strong><\/p>\n<p>Enginyeries Industrials:<\/p>\n<ul>\n<li><a href=\"https:\/\/delegacio.eseiaat.upc.edu\/?page_id=1310\">Graus d&#8217;Enginyeria Industrial Fase Inicial<\/a><\/li>\n<li><a href=\"https:\/\/delegacio.eseiaat.upc.edu\/?page_id=220\">Grau en Enginyeria en Tecnologies Industrials<\/a><\/li>\n<li><a href=\"https:\/\/delegacio.eseiaat.upc.edu\/?page_id=235\">Grau en Enginyeria del Disseny Industrial i Desenvolupament del Producte<\/a><a href=\"https:\/\/delegacio.eseiaat.upc.edu\/?page_id=246\"><\/a><\/li>\n<li><a href=\"https:\/\/delegacio.eseiaat.upc.edu\/?page_id=251\">Grau en Enginyeria Electr\u00f2nica Industrial i Aut\u00f2matica<\/a><a href=\"https:\/\/delegacio.eseiaat.upc.edu\/?page_id=256\"><\/a><\/li>\n<li><a href=\"https:\/\/delegacio.eseiaat.upc.edu\/?page_id=256\">Grau en Enginyeria Mec\u00e0nica<\/a><\/li>\n<li><a href=\"https:\/\/delegacio.eseiaat.upc.edu\/?page_id=262\">Grau en Enginyeria Qu\u00edmica<\/a><a href=\"https:\/\/delegacio.eseiaat.upc.edu\/?page_id=267\"><\/a><\/li>\n<li><a href=\"https:\/\/delegacio.eseiaat.upc.edu\/?page_id=246\">Grau en Enginyeria El\u00e8ctrica<\/a><\/li>\n<li><a href=\"https:\/\/delegacio.eseiaat.upc.edu\/?page_id=267\">Grau en Enginyeria de Tecnologia i Disseny T\u00e8xtil<\/a><\/li>\n<\/ul>\n<p>Enginyeries Aeroespacials:<\/p>\n<ul>\n<li><a href=\"https:\/\/delegacio.eseiaat.upc.edu\/?page_id=272\">Grau en Enginyeria en Tecnologies Aeroespacials<\/a><\/li>\n<li><a href=\"https:\/\/delegacio.eseiaat.upc.edu\/?page_id=277\">Grau en Enginyeria en Vehicles Aeroespacials<\/a><\/li>\n<\/ul>\n<p>Enginyeria de la Telecomunicaci\u00f3:<\/p>\n<ul>\n<li><a href=\"https:\/\/delegacio.eseiaat.upc.edu\/?page_id=288\">Grau en Enginyeria de Sistemes Audiovisuals<\/a><\/li>\n<\/ul>\n<p><strong>ESTUDIS DE M\u00c0STER<\/strong><\/p>\n<ul>\n<li>M\u00e0ster Universitari en Enginyeria de l&#8217;Organitzaci\u00f3<\/li>\n<li><a href=\"https:\/\/delegacio.eseiaat.upc.edu\/?page_id=308\">M\u00e0ster Universitari en Enginyeria de Sistemes Autom\u00e0tics i Electr\u00f2nica Industrial<\/a><\/li>\n<li>M\u00e0ster Universitari en Enginyeria Industrial<\/li>\n<li><a href=\"https:\/\/delegacio.eseiaat.upc.edu\/?page_id=298\">M\u00e0ster Universitari en Enginyeria Aeron\u00e0utica<\/a><\/li>\n<li>M\u00e0ster Universitari en Disseny i Tecnologies Textils<\/li>\n<li>M\u00e0ster Universitari en Tecnologia Paperera i Gr\u00e0fiques<\/li>\n<li>M\u00e0ster Universitari en Investigaci\u00f3 en Enginyeria Mec\u00e0nica<\/li>\n<\/ul>\n<p><strong>QUINA \u00c9S LA FUNCI\u00d3 DELS I LES DELEGADES?<\/strong><\/p>\n<p>La funci\u00f3 d&#8217;un delegat\/delegada \u00e9s:<\/p>\n<ul>\n<li>Representant del grup de classe davant de l&#8217;escola<\/li>\n<li>Contacte amb la Delegaci\u00f3 per la proposta d&#8217;activitats i millores<\/li>\n<\/ul>\n\n\n<p><font size=\"-2\">*Si el teu Grau o el teu curs no consta al llistat, o no est\u00e0 enlla\u00e7at a la seva pr\u00f2pia entrada, \u00e9s degut a que no hem rebut cap tipus d&#8217;informaci\u00f3 respecte a les delegades dels vostres cursos.<\/font><\/p>\n","protected":false},"excerpt":{"rendered":"<p>ESTUDIS DE GRAU Enginyeries Industrials: Graus d&#8217;Enginyeria Industrial Fase Inicial Grau en Enginyeria en Tecnologies Industrials Grau en Enginyeria del Disseny Industrial i Desenvolupament del Producte Grau en Enginyeria Electr\u00f2nica Industrial i Aut\u00f2matica Grau en Enginyeria Mec\u00e0nica Grau en Enginyeria Qu\u00edmica Grau en Enginyeria El\u00e8ctrica Grau en Enginyeria de Tecnologia [&hellip;]<\/p>\n","protected":false},"author":1,"featured_media":0,"parent":0,"menu_order":0,"comment_status":"closed","ping_status":"closed","template":"","meta":{"footnotes":""},"class_list":["post-157","page","type-page","status-publish","hentry"],"_links":{"self":[{"href":"https:\/\/delegacio.eseiaat.upc.edu\/index.php?rest_route=\/wp\/v2\/pages\/157","targetHints":{"allow":["GET"]}}],"collection":[{"href":"https:\/\/delegacio.eseiaat.upc.edu\/index.php?rest_route=\/wp\/v2\/pages"}],"about":[{"href":"https:\/\/delegacio.eseiaat.upc.edu\/index.php?rest_route=\/wp\/v2\/types\/page"}],"author":[{"embeddable":true,"href":"https:\/\/delegacio.eseiaat.upc.edu\/index.php?rest_route=\/wp\/v2\/users\/1"}],"replies":[{"embeddable":true,"href":"https:\/\/delegacio.eseiaat.upc.edu\/index.php?rest_route=%2Fwp%2Fv2%2Fcomments&post=157"}],"version-history":[{"count":78,"href":"https:\/\/delegacio.eseiaat.upc.edu\/index.php?rest_route=\/wp\/v2\/pages\/157\/revisions"}],"predecessor-version":[{"id":1955,"href":"https:\/\/delegacio.eseiaat.upc.edu\/index.php?rest_route=\/wp\/v2\/pages\/157\/revisions\/1955"}],"wp:attachment":[{"href":"https:\/\/delegacio.eseiaat.upc.edu\/index.php?rest_route=%2Fwp%2Fv2%2Fmedia&parent=157"}],"curies":[{"name":"wp","href":"https:\/\/api.w.org\/{rel}","templated":true}]}}