{"id":1310,"date":"2023-11-10T11:34:48","date_gmt":"2023-11-10T09:34:48","guid":{"rendered":"https:\/\/delegacio.eseiaat.upc.edu\/?page_id=1310"},"modified":"2025-12-01T17:59:56","modified_gmt":"2025-12-01T16:59:56","slug":"graus-denginyeria-industrial-fase-inicial","status":"publish","type":"page","link":"https:\/\/delegacio.eseiaat.upc.edu\/?page_id=1310","title":{"rendered":"Graus d&#8217;Enginyeria Industrial Fase Inicial"},"content":{"rendered":"\n<h2 class=\"wp-block-heading\">DELEGATS\/DELEGADES<\/h2>\n\n\n\n<p>1r:<\/p>\n\n\n\n<ul class=\"wp-block-list\">\n<li>Marina Valverde Perich: marina.valverde@estudiantat.upc.edu<\/li>\n\n\n\n<li>Erola Gol i Serra: erola.gol@estudiantat.upc.edu<\/li>\n\n\n\n<li>Bruno Cost\u00e1n Gonz\u00e1lez: bruno.costan@estudiantat.upc.edu<\/li>\n\n\n\n<li>Cinta Ortega Basora: cinta.ortega@estudiantat.upc.edu<\/li>\n\n\n\n<li>\u00c1lvaro David Rodr\u00edguez Dom\u00ednguez: alvaro.david.rodriguez@estudiantat.upc.edu<\/li>\n\n\n\n<li>Alexandre Garc\u00eda Puga: alexandre.garcia.puga@estudiantat.upc.edu<\/li>\n<\/ul>\n\n\n\n<p>2n:<\/p>\n\n\n\n<ul class=\"wp-block-list\">\n<li>Edixon Sebastian Parraga Leon: edixon.sebastian.parraga@estudiantat.upc.edu<\/li>\n\n\n\n<li>Guim Morral Monjo: guim.morral@estudiantat.upc.edu<\/li>\n\n\n\n<li>Isaac Sanchez i Melero: isaac.sanchez@estudiantat.upc.edu<\/li>\n\n\n\n<li>Chiara Sala Gancho: chiara.sala@estudiantat.upc.edu<\/li>\n<\/ul>\n","protected":false},"excerpt":{"rendered":"<p>DELEGATS\/DELEGADES 1r: 2n:<\/p>\n","protected":false},"author":1,"featured_media":0,"parent":0,"menu_order":0,"comment_status":"closed","ping_status":"closed","template":"page-templates\/template-fullwidth.php","meta":{"footnotes":""},"class_list":["post-1310","page","type-page","status-publish","hentry"],"_links":{"self":[{"href":"https:\/\/delegacio.eseiaat.upc.edu\/index.php?rest_route=\/wp\/v2\/pages\/1310","targetHints":{"allow":["GET"]}}],"collection":[{"href":"https:\/\/delegacio.eseiaat.upc.edu\/index.php?rest_route=\/wp\/v2\/pages"}],"about":[{"href":"https:\/\/delegacio.eseiaat.upc.edu\/index.php?rest_route=\/wp\/v2\/types\/page"}],"author":[{"embeddable":true,"href":"https:\/\/delegacio.eseiaat.upc.edu\/index.php?rest_route=\/wp\/v2\/users\/1"}],"replies":[{"embeddable":true,"href":"https:\/\/delegacio.eseiaat.upc.edu\/index.php?rest_route=%2Fwp%2Fv2%2Fcomments&post=1310"}],"version-history":[{"count":8,"href":"https:\/\/delegacio.eseiaat.upc.edu\/index.php?rest_route=\/wp\/v2\/pages\/1310\/revisions"}],"predecessor-version":[{"id":1857,"href":"https:\/\/delegacio.eseiaat.upc.edu\/index.php?rest_route=\/wp\/v2\/pages\/1310\/revisions\/1857"}],"wp:attachment":[{"href":"https:\/\/delegacio.eseiaat.upc.edu\/index.php?rest_route=%2Fwp%2Fv2%2Fmedia&parent=1310"}],"curies":[{"name":"wp","href":"https:\/\/api.w.org\/{rel}","templated":true}]}}